{"id":2151,"date":"2024-08-29T14:16:51","date_gmt":"2024-08-29T12:16:51","guid":{"rendered":"https:\/\/printconsult.de\/?page_id=2151"},"modified":"2024-08-29T14:23:57","modified_gmt":"2024-08-29T12:23:57","slug":"technology-2","status":"publish","type":"page","link":"https:\/\/printconsult.de\/en\/technology-2\/","title":{"rendered":"Technology"},"content":{"rendered":"\n\n  <div class=\"banner has-hover has-parallax\" id=\"banner-1344041155\">\n          <div class=\"banner-inner fill\">\n        <div class=\"banner-bg fill\" data-parallax=\"-3\" data-parallax-container=\".banner\" data-parallax-background>\n            <div class=\"bg fill bg-fill \"><\/div>\n                                    \n                    <\/div>\n\t\t\n        <div class=\"banner-layers container\">\n            <div class=\"fill banner-link\"><\/div>            \n\n\n        <\/div>\n      <\/div>\n\n            \n<style>\n#banner-1344041155 {\n  padding-top: 99.99%;\n}\n#banner-1344041155 .bg.bg-loaded {\n  background-image: url(https:\/\/printconsult.de\/wp-content\/uploads\/2020\/05\/AdobeStock_176177707-scaled.jpeg);\n}\n#banner-1344041155 .bg {\n  background-position: 51% 74%;\n}\n#banner-1344041155 .ux-shape-divider--top svg {\n  height: 150px;\n  --divider-top-width: 100%;\n}\n#banner-1344041155 .ux-shape-divider--bottom svg {\n  height: 150px;\n  --divider-width: 100%;\n}\n@media (min-width:550px) {\n  #banner-1344041155 {\n    padding-top: 56.25%;\n  }\n}\n@media (min-width:850px) {\n  #banner-1344041155 {\n    padding-top: 500px;\n  }\n}\n<\/style>\n  <\/div>\n\n\n\t<section class=\"section\" id=\"section_693839395\">\n\t\t<div class=\"bg section-bg fill bg-fill  bg-loaded\" >\n\n\t\t\t\n\t\t\t\n\t\t\t\n\n\t\t<\/div>\n\n\t\t\n\n\t\t<div class=\"section-content relative\">\n\t\t\t\n\n<div class=\"row\"  id=\"row-1450388\">\n\n\n\t<div id=\"col-1013866359\" class=\"col medium-9 small-12 large-7\"  data-animate=\"fadeInUp\">\n\t\t\t\t<div class=\"col-inner\"  >\n\t\t\t\n\t\t\t\n\n<h1>Technik<\/h1>\n<p class=\"lead\">F\u00fcr die Herstellung unserer Druckerzeugnisse k\u00f6nnen wir uns neben jahrelanger Erfahrung im Druck auch auf modernste Technik verlassen. So erreichen wir einen Qualit\u00e4tsstandard, der uns selbst und vor allem unsere Kunden gl\u00fccklich macht. Hier finden Sie die Angaben zu den kleinsten und gr\u00f6\u00dften Varianten.<\/p>\n\t<div class=\"img has-hover x md-x lg-x y md-y lg-y\" id=\"image_504488544\">\n\t\t\t\t\t\t\t\t<div class=\"img-inner dark\" style=\"margin:20px 0px 10px 0px;\">\n\t\t\t<img decoding=\"async\" width=\"900\" height=\"40\" src=\"https:\/\/printconsult.de\/wp-content\/uploads\/2020\/07\/print-consult-trenner.svg\" class=\"attachment-original size-original\" alt=\"\" \/>\t\t\t\t\t\t\n\t\t\t\t\t<\/div>\n\t\t\t\t\t\t\t\t\n<style>\n#image_504488544 {\n  width: 30%;\n}\n<\/style>\n\t<\/div>\n\t\n\n\n\t\t<\/div>\n\t\t\t\t\t<\/div>\n\n\t\n\n<\/div>\n\n\t\t<\/div>\n\n\t\t\n<style>\n#section_693839395 {\n  padding-top: 50px;\n  padding-bottom: 50px;\n}\n#section_693839395 .ux-shape-divider--top svg {\n  height: 150px;\n  --divider-top-width: 100%;\n}\n#section_693839395 .ux-shape-divider--bottom svg {\n  height: 150px;\n  --divider-width: 100%;\n}\n<\/style>\n\t<\/section>\n\t\n\t<section class=\"section\" id=\"section_132438000\">\n\t\t<div class=\"bg section-bg fill bg-fill  bg-loaded\" >\n\n\t\t\t\n\t\t\t\n\t\t\t\n\n\t\t<\/div>\n\n\t\t\n\n\t\t<div class=\"section-content relative\">\n\t\t\t\n\n<div class=\"row align-center\"  id=\"row-788577218\">\n\n\n\t<div id=\"col-1115405695\" class=\"col medium-6 small-12 large-5\"  >\n\t\t\t\t<div class=\"col-inner\"  >\n\t\t\t\n\t\t\t\n\n<h2>Hardcover<\/h2>\n\t<div id=\"gap-1038490246\" class=\"gap-element clearfix\" style=\"display:block; height:auto;\">\n\t\t\n<style>\n#gap-1038490246 {\n  padding-top: 30px;\n}\n<\/style>\n\t<\/div>\n\t\n\n\t<div class=\"img has-hover x md-x lg-x y md-y lg-y\" id=\"image_1608326922\">\n\t\t\t\t\t\t\t\t<div class=\"img-inner dark\" >\n\t\t\t<img decoding=\"async\" width=\"1020\" height=\"518\" src=\"https:\/\/printconsult.de\/wp-content\/uploads\/2020\/07\/PC_Webseite_Technik_Pappband-1400x711.png\" class=\"attachment-large size-large\" alt=\"\" srcset=\"https:\/\/printconsult.de\/wp-content\/uploads\/2020\/07\/PC_Webseite_Technik_Pappband-1400x711.png 1400w, https:\/\/printconsult.de\/wp-content\/uploads\/2020\/07\/PC_Webseite_Technik_Pappband-787x400.png 787w, https:\/\/printconsult.de\/wp-content\/uploads\/2020\/07\/PC_Webseite_Technik_Pappband-768x390.png 768w, https:\/\/printconsult.de\/wp-content\/uploads\/2020\/07\/PC_Webseite_Technik_Pappband-1536x780.png 1536w, https:\/\/printconsult.de\/wp-content\/uploads\/2020\/07\/PC_Webseite_Technik_Pappband-2048x1040.png 2048w\" sizes=\"(max-width: 1020px) 100vw, 1020px\" \/>\t\t\t\t\t\t\n\t\t\t\t\t<\/div>\n\t\t\t\t\t\t\t\t\n<style>\n#image_1608326922 {\n  width: 100%;\n}\n<\/style>\n\t<\/div>\n\t\n\n\n\t\t<\/div>\n\t\t\t\t\t<\/div>\n\n\t\n\n\t<div id=\"col-2073024888\" class=\"col hide-for-medium medium-1 small-12 large-1\"  >\n\t\t\t\t<div class=\"col-inner\"  >\n\t\t\t\n\t\t\t\n\n\n\t\t<\/div>\n\t\t\t\t\t<\/div>\n\n\t\n\n\t<div id=\"col-1221441321\" class=\"col medium-6 small-12 large-5\"  >\n\t\t\t\t<div class=\"col-inner\"  >\n\t\t\t\n\t\t\t\n\n<h2>Halbleinenband<\/h2>\n\t<div id=\"gap-2133841264\" class=\"gap-element clearfix\" style=\"display:block; height:auto;\">\n\t\t\n<style>\n#gap-2133841264 {\n  padding-top: 30px;\n}\n<\/style>\n\t<\/div>\n\t\n\n\t<div class=\"img has-hover x md-x lg-x y md-y lg-y\" id=\"image_1812260906\">\n\t\t\t\t\t\t\t\t<div class=\"img-inner dark\" >\n\t\t\t<img decoding=\"async\" width=\"1020\" height=\"518\" src=\"https:\/\/printconsult.de\/wp-content\/uploads\/2020\/09\/PC_Webseite_Technik_Halbleinenband_2-1400x711.png\" class=\"attachment-large size-large\" alt=\"\" srcset=\"https:\/\/printconsult.de\/wp-content\/uploads\/2020\/09\/PC_Webseite_Technik_Halbleinenband_2-1400x711.png 1400w, https:\/\/printconsult.de\/wp-content\/uploads\/2020\/09\/PC_Webseite_Technik_Halbleinenband_2-788x400.png 788w, https:\/\/printconsult.de\/wp-content\/uploads\/2020\/09\/PC_Webseite_Technik_Halbleinenband_2-768x390.png 768w, https:\/\/printconsult.de\/wp-content\/uploads\/2020\/09\/PC_Webseite_Technik_Halbleinenband_2-1536x780.png 1536w, https:\/\/printconsult.de\/wp-content\/uploads\/2020\/09\/PC_Webseite_Technik_Halbleinenband_2-2048x1040.png 2048w\" sizes=\"(max-width: 1020px) 100vw, 1020px\" \/>\t\t\t\t\t\t\n\t\t\t\t\t<\/div>\n\t\t\t\t\t\t\t\t\n<style>\n#image_1812260906 {\n  width: 100%;\n}\n<\/style>\n\t<\/div>\n\t\n\n\n\t\t<\/div>\n\t\t\t\t\t<\/div>\n\n\t\n\n<\/div>\n\t<div id=\"gap-1056603826\" class=\"gap-element clearfix\" style=\"display:block; height:auto;\">\n\t\t\n<style>\n#gap-1056603826 {\n  padding-top: 30px;\n}\n<\/style>\n\t<\/div>\n\t\n\n<div class=\"row align-center\"  id=\"row-826732731\">\n\n\n\t<div id=\"col-1896257988\" class=\"col medium-6 small-12 large-5\"  >\n\t\t\t\t<div class=\"col-inner\"  >\n\t\t\t\n\t\t\t\n\n<h2>Broschur mit Fadenheftung<\/h2>\n\t<div id=\"gap-32081517\" class=\"gap-element clearfix\" style=\"display:block; height:auto;\">\n\t\t\n<style>\n#gap-32081517 {\n  padding-top: 30px;\n}\n<\/style>\n\t<\/div>\n\t\n\n\t<div class=\"img has-hover x md-x lg-x y md-y lg-y\" id=\"image_1935411373\">\n\t\t\t\t\t\t\t\t<div class=\"img-inner dark\" >\n\t\t\t<img decoding=\"async\" width=\"1020\" height=\"518\" src=\"https:\/\/printconsult.de\/wp-content\/uploads\/2020\/07\/PC_Webseite_Technik_Broschur-Fadenheftung-1400x711.png\" class=\"attachment-large size-large\" alt=\"\" srcset=\"https:\/\/printconsult.de\/wp-content\/uploads\/2020\/07\/PC_Webseite_Technik_Broschur-Fadenheftung-1400x711.png 1400w, https:\/\/printconsult.de\/wp-content\/uploads\/2020\/07\/PC_Webseite_Technik_Broschur-Fadenheftung-787x400.png 787w, https:\/\/printconsult.de\/wp-content\/uploads\/2020\/07\/PC_Webseite_Technik_Broschur-Fadenheftung-768x390.png 768w, https:\/\/printconsult.de\/wp-content\/uploads\/2020\/07\/PC_Webseite_Technik_Broschur-Fadenheftung-1536x780.png 1536w, https:\/\/printconsult.de\/wp-content\/uploads\/2020\/07\/PC_Webseite_Technik_Broschur-Fadenheftung-2048x1040.png 2048w\" sizes=\"(max-width: 1020px) 100vw, 1020px\" \/>\t\t\t\t\t\t\n\t\t\t\t\t<\/div>\n\t\t\t\t\t\t\t\t\n<style>\n#image_1935411373 {\n  width: 100%;\n}\n<\/style>\n\t<\/div>\n\t\n\n\n\t\t<\/div>\n\t\t\t\t\t<\/div>\n\n\t\n\n\t<div id=\"col-526936080\" class=\"col hide-for-medium medium-1 small-12 large-1\"  >\n\t\t\t\t<div class=\"col-inner\"  >\n\t\t\t\n\t\t\t\n\n\n\t\t<\/div>\n\t\t\t\t\t<\/div>\n\n\t\n\n\t<div id=\"col-322545253\" class=\"col medium-6 small-12 large-5\"  >\n\t\t\t\t<div class=\"col-inner\"  >\n\t\t\t\n\t\t\t\n\n<h2>Broschur mit Klebebindung<\/h2>\n\t<div id=\"gap-644949439\" class=\"gap-element clearfix\" style=\"display:block; height:auto;\">\n\t\t\n<style>\n#gap-644949439 {\n  padding-top: 30px;\n}\n<\/style>\n\t<\/div>\n\t\n\n\t<div class=\"img has-hover x md-x lg-x y md-y lg-y\" id=\"image_2039898734\">\n\t\t\t\t\t\t\t\t<div class=\"img-inner dark\" >\n\t\t\t<img decoding=\"async\" width=\"1020\" height=\"518\" src=\"https:\/\/printconsult.de\/wp-content\/uploads\/2020\/07\/PC_Webseite_Technik_Broschur-Klebebindung-2-1400x711.png\" class=\"attachment-large size-large\" alt=\"\" srcset=\"https:\/\/printconsult.de\/wp-content\/uploads\/2020\/07\/PC_Webseite_Technik_Broschur-Klebebindung-2-1400x711.png 1400w, https:\/\/printconsult.de\/wp-content\/uploads\/2020\/07\/PC_Webseite_Technik_Broschur-Klebebindung-2-787x400.png 787w, https:\/\/printconsult.de\/wp-content\/uploads\/2020\/07\/PC_Webseite_Technik_Broschur-Klebebindung-2-768x390.png 768w, https:\/\/printconsult.de\/wp-content\/uploads\/2020\/07\/PC_Webseite_Technik_Broschur-Klebebindung-2-1536x780.png 1536w, https:\/\/printconsult.de\/wp-content\/uploads\/2020\/07\/PC_Webseite_Technik_Broschur-Klebebindung-2-2048x1040.png 2048w\" sizes=\"(max-width: 1020px) 100vw, 1020px\" \/>\t\t\t\t\t\t\n\t\t\t\t\t<\/div>\n\t\t\t\t\t\t\t\t\n<style>\n#image_2039898734 {\n  width: 100%;\n}\n<\/style>\n\t<\/div>\n\t\n\n\n\t\t<\/div>\n\t\t\t\t\t<\/div>\n\n\t\n\n<\/div>\n\t<div id=\"gap-1703661279\" class=\"gap-element clearfix\" style=\"display:block; height:auto;\">\n\t\t\n<style>\n#gap-1703661279 {\n  padding-top: 30px;\n}\n<\/style>\n\t<\/div>\n\t\n\n<div class=\"row align-center\"  id=\"row-681276051\">\n\n\n\t<div id=\"col-1184801582\" class=\"col medium-6 small-12 large-5\"  >\n\t\t\t\t<div class=\"col-inner\"  >\n\t\t\t\n\t\t\t\n\n<h2>Klappenbroschur<\/h2>\n\t<div id=\"gap-1229154165\" class=\"gap-element clearfix\" style=\"display:block; height:auto;\">\n\t\t\n<style>\n#gap-1229154165 {\n  padding-top: 30px;\n}\n<\/style>\n\t<\/div>\n\t\n\n\t<div class=\"img has-hover x md-x lg-x y md-y lg-y\" id=\"image_1873778505\">\n\t\t\t\t\t\t\t\t<div class=\"img-inner dark\" >\n\t\t\t<img decoding=\"async\" width=\"1020\" height=\"518\" src=\"https:\/\/printconsult.de\/wp-content\/uploads\/2020\/07\/PC_Webseite_Technik_Klappenbroschur-1400x711.png\" class=\"attachment-large size-large\" alt=\"\" srcset=\"https:\/\/printconsult.de\/wp-content\/uploads\/2020\/07\/PC_Webseite_Technik_Klappenbroschur-1400x711.png 1400w, https:\/\/printconsult.de\/wp-content\/uploads\/2020\/07\/PC_Webseite_Technik_Klappenbroschur-788x400.png 788w, https:\/\/printconsult.de\/wp-content\/uploads\/2020\/07\/PC_Webseite_Technik_Klappenbroschur-768x390.png 768w, https:\/\/printconsult.de\/wp-content\/uploads\/2020\/07\/PC_Webseite_Technik_Klappenbroschur-1536x780.png 1536w, https:\/\/printconsult.de\/wp-content\/uploads\/2020\/07\/PC_Webseite_Technik_Klappenbroschur-2048x1040.png 2048w\" sizes=\"(max-width: 1020px) 100vw, 1020px\" \/>\t\t\t\t\t\t\n\t\t\t\t\t<\/div>\n\t\t\t\t\t\t\t\t\n<style>\n#image_1873778505 {\n  width: 100%;\n}\n<\/style>\n\t<\/div>\n\t\n\n\n\t\t<\/div>\n\t\t\t\t\t<\/div>\n\n\t\n\n\t<div id=\"col-1028684928\" class=\"col hide-for-medium medium-1 small-12 large-1\"  >\n\t\t\t\t<div class=\"col-inner\"  >\n\t\t\t\n\t\t\t\n\n\n\t\t<\/div>\n\t\t\t\t\t<\/div>\n\n\t\n\n\t<div id=\"col-1814142464\" class=\"col medium-6 small-12 large-5\"  >\n\t\t\t\t<div class=\"col-inner\"  >\n\t\t\t\n\t\t\t\n\n<h2>Flexobroschur<\/h2>\n\t<div id=\"gap-636058332\" class=\"gap-element clearfix\" style=\"display:block; height:auto;\">\n\t\t\n<style>\n#gap-636058332 {\n  padding-top: 30px;\n}\n<\/style>\n\t<\/div>\n\t\n\n\t<div class=\"img has-hover x md-x lg-x y md-y lg-y\" id=\"image_71709707\">\n\t\t\t\t\t\t\t\t<div class=\"img-inner dark\" >\n\t\t\t<img decoding=\"async\" width=\"1020\" height=\"518\" src=\"https:\/\/printconsult.de\/wp-content\/uploads\/2020\/07\/PC_Webseite_Technik_Flexobroschur-1400x711.png\" class=\"attachment-large size-large\" alt=\"\" srcset=\"https:\/\/printconsult.de\/wp-content\/uploads\/2020\/07\/PC_Webseite_Technik_Flexobroschur-1400x711.png 1400w, https:\/\/printconsult.de\/wp-content\/uploads\/2020\/07\/PC_Webseite_Technik_Flexobroschur-788x400.png 788w, https:\/\/printconsult.de\/wp-content\/uploads\/2020\/07\/PC_Webseite_Technik_Flexobroschur-768x390.png 768w, https:\/\/printconsult.de\/wp-content\/uploads\/2020\/07\/PC_Webseite_Technik_Flexobroschur-1536x780.png 1536w, https:\/\/printconsult.de\/wp-content\/uploads\/2020\/07\/PC_Webseite_Technik_Flexobroschur-2048x1040.png 2048w\" sizes=\"(max-width: 1020px) 100vw, 1020px\" \/>\t\t\t\t\t\t\n\t\t\t\t\t<\/div>\n\t\t\t\t\t\t\t\t\n<style>\n#image_71709707 {\n  width: 100%;\n}\n<\/style>\n\t<\/div>\n\t\n\n\n\t\t<\/div>\n\t\t\t\t\t<\/div>\n\n\t\n\n<\/div>\n\n\t\t<\/div>\n\n\t\t\n<style>\n#section_132438000 {\n  padding-top: 50px;\n  padding-bottom: 50px;\n  background-color: rgb(245, 245, 245);\n}\n#section_132438000 .ux-shape-divider--top svg {\n  height: 150px;\n  --divider-top-width: 100%;\n}\n#section_132438000 .ux-shape-divider--bottom svg {\n  height: 150px;\n  --divider-width: 100%;\n}\n@media (min-width:550px) {\n  #section_132438000 {\n    padding-top: 60px;\n    padding-bottom: 60px;\n  }\n}\n<\/style>\n\t<\/section>\n\t\n\n","protected":false},"excerpt":{"rendered":"","protected":false},"author":1,"featured_media":0,"parent":0,"menu_order":0,"comment_status":"closed","ping_status":"closed","template":"page-blank.php","meta":{"footnotes":""},"class_list":["post-2151","page","type-page","status-publish","hentry"],"yoast_head":"<!-- This site is optimized with the Yoast SEO plugin v27.5 - https:\/\/yoast.com\/product\/yoast-seo-wordpress\/ -->\n<title>Technology - Print Consult<\/title>\n<meta name=\"robots\" content=\"index, follow, max-snippet:-1, max-image-preview:large, max-video-preview:-1\" \/>\n<link rel=\"canonical\" href=\"https:\/\/printconsult.de\/en\/technology-2\/\" \/>\n<meta property=\"og:locale\" content=\"en_US\" \/>\n<meta property=\"og:type\" content=\"article\" \/>\n<meta property=\"og:title\" content=\"Technology - Print Consult\" \/>\n<meta property=\"og:url\" content=\"https:\/\/printconsult.de\/en\/technology-2\/\" \/>\n<meta property=\"og:site_name\" content=\"Print Consult\" \/>\n<meta property=\"article:modified_time\" content=\"2024-08-29T12:23:57+00:00\" \/>\n<meta name=\"twitter:card\" content=\"summary_large_image\" \/>\n<meta name=\"twitter:label1\" content=\"Est. reading time\" \/>\n\t<meta name=\"twitter:data1\" content=\"1 minute\" \/>\n<script type=\"application\/ld+json\" class=\"yoast-schema-graph\">{\"@context\":\"https:\\\/\\\/schema.org\",\"@graph\":[{\"@type\":\"WebPage\",\"@id\":\"https:\\\/\\\/printconsult.de\\\/en\\\/technology-2\\\/\",\"url\":\"https:\\\/\\\/printconsult.de\\\/en\\\/technology-2\\\/\",\"name\":\"Technology - Print Consult\",\"isPartOf\":{\"@id\":\"https:\\\/\\\/printconsultv2-w5qr6cqibj.live-website.com\\\/#website\"},\"datePublished\":\"2024-08-29T12:16:51+00:00\",\"dateModified\":\"2024-08-29T12:23:57+00:00\",\"breadcrumb\":{\"@id\":\"https:\\\/\\\/printconsult.de\\\/en\\\/technology-2\\\/#breadcrumb\"},\"inLanguage\":\"en-US\",\"potentialAction\":[{\"@type\":\"ReadAction\",\"target\":[\"https:\\\/\\\/printconsult.de\\\/en\\\/technology-2\\\/\"]}]},{\"@type\":\"BreadcrumbList\",\"@id\":\"https:\\\/\\\/printconsult.de\\\/en\\\/technology-2\\\/#breadcrumb\",\"itemListElement\":[{\"@type\":\"ListItem\",\"position\":1,\"name\":\"Startseite\",\"item\":\"https:\\\/\\\/printconsult.de\\\/en\\\/\"},{\"@type\":\"ListItem\",\"position\":2,\"name\":\"Technology\"}]},{\"@type\":\"WebSite\",\"@id\":\"https:\\\/\\\/printconsultv2-w5qr6cqibj.live-website.com\\\/#website\",\"url\":\"https:\\\/\\\/printconsultv2-w5qr6cqibj.live-website.com\\\/\",\"name\":\"Print Consult\",\"description\":\"Die Welt der sch&ouml;nen B&uuml;cher\",\"potentialAction\":[{\"@type\":\"SearchAction\",\"target\":{\"@type\":\"EntryPoint\",\"urlTemplate\":\"https:\\\/\\\/printconsultv2-w5qr6cqibj.live-website.com\\\/?s={search_term_string}\"},\"query-input\":{\"@type\":\"PropertyValueSpecification\",\"valueRequired\":true,\"valueName\":\"search_term_string\"}}],\"inLanguage\":\"en-US\"}]}<\/script>\n<!-- \/ Yoast SEO plugin. -->","yoast_head_json":{"title":"Technology - Print Consult","robots":{"index":"index","follow":"follow","max-snippet":"max-snippet:-1","max-image-preview":"max-image-preview:large","max-video-preview":"max-video-preview:-1"},"canonical":"https:\/\/printconsult.de\/en\/technology-2\/","og_locale":"en_US","og_type":"article","og_title":"Technology - Print Consult","og_url":"https:\/\/printconsult.de\/en\/technology-2\/","og_site_name":"Print Consult","article_modified_time":"2024-08-29T12:23:57+00:00","twitter_card":"summary_large_image","twitter_misc":{"Est. reading time":"1 minute"},"schema":{"@context":"https:\/\/schema.org","@graph":[{"@type":"WebPage","@id":"https:\/\/printconsult.de\/en\/technology-2\/","url":"https:\/\/printconsult.de\/en\/technology-2\/","name":"Technology - Print Consult","isPartOf":{"@id":"https:\/\/printconsultv2-w5qr6cqibj.live-website.com\/#website"},"datePublished":"2024-08-29T12:16:51+00:00","dateModified":"2024-08-29T12:23:57+00:00","breadcrumb":{"@id":"https:\/\/printconsult.de\/en\/technology-2\/#breadcrumb"},"inLanguage":"en-US","potentialAction":[{"@type":"ReadAction","target":["https:\/\/printconsult.de\/en\/technology-2\/"]}]},{"@type":"BreadcrumbList","@id":"https:\/\/printconsult.de\/en\/technology-2\/#breadcrumb","itemListElement":[{"@type":"ListItem","position":1,"name":"Startseite","item":"https:\/\/printconsult.de\/en\/"},{"@type":"ListItem","position":2,"name":"Technology"}]},{"@type":"WebSite","@id":"https:\/\/printconsultv2-w5qr6cqibj.live-website.com\/#website","url":"https:\/\/printconsultv2-w5qr6cqibj.live-website.com\/","name":"Print Consult","description":"Die Welt der sch&ouml;nen B&uuml;cher","potentialAction":[{"@type":"SearchAction","target":{"@type":"EntryPoint","urlTemplate":"https:\/\/printconsultv2-w5qr6cqibj.live-website.com\/?s={search_term_string}"},"query-input":{"@type":"PropertyValueSpecification","valueRequired":true,"valueName":"search_term_string"}}],"inLanguage":"en-US"}]}},"_links":{"self":[{"href":"https:\/\/printconsult.de\/en\/wp-json\/wp\/v2\/pages\/2151","targetHints":{"allow":["GET"]}}],"collection":[{"href":"https:\/\/printconsult.de\/en\/wp-json\/wp\/v2\/pages"}],"about":[{"href":"https:\/\/printconsult.de\/en\/wp-json\/wp\/v2\/types\/page"}],"author":[{"embeddable":true,"href":"https:\/\/printconsult.de\/en\/wp-json\/wp\/v2\/users\/1"}],"replies":[{"embeddable":true,"href":"https:\/\/printconsult.de\/en\/wp-json\/wp\/v2\/comments?post=2151"}],"version-history":[{"count":3,"href":"https:\/\/printconsult.de\/en\/wp-json\/wp\/v2\/pages\/2151\/revisions"}],"predecessor-version":[{"id":2654,"href":"https:\/\/printconsult.de\/en\/wp-json\/wp\/v2\/pages\/2151\/revisions\/2654"}],"wp:attachment":[{"href":"https:\/\/printconsult.de\/en\/wp-json\/wp\/v2\/media?parent=2151"}],"curies":[{"name":"wp","href":"https:\/\/api.w.org\/{rel}","templated":true}]}}